{"id":3621,"date":"2023-06-10T14:21:44","date_gmt":"2023-06-10T14:21:44","guid":{"rendered":"http:\/\/www.coffeehousetr.com\/?page_id=3621"},"modified":"2024-07-22T12:40:38","modified_gmt":"2024-07-22T12:40:38","slug":"hakkimizda","status":"publish","type":"page","link":"https:\/\/www.coffeehousetr.com\/en\/hakkimizda\/","title":{"rendered":"Hakk\u0131m\u0131zda"},"content":{"rendered":"<div data-elementor-type=\"wp-page\" data-elementor-id=\"3621\" class=\"elementor elementor-3621\">\n\t\t\t\t\t\t<section class=\"elementor-section elementor-top-section elementor-element elementor-element-1811cc62 elementor-section-boxed elementor-section-height-default elementor-section-height-default\" data-id=\"1811cc62\" data-element_type=\"section\">\n\t\t\t\t\t\t<div class=\"elementor-container elementor-column-gap-default\">\n\t\t\t\t\t<div class=\"elementor-column elementor-col-100 elementor-top-column elementor-element elementor-element-5406be15\" data-id=\"5406be15\" data-element_type=\"column\">\n\t\t\t<div class=\"elementor-widget-wrap elementor-element-populated\">\n\t\t\t\t\t\t<div class=\"elementor-element elementor-element-1f2b4996 elementor-widget-mobile__width-initial elementor-widget elementor-widget-text-editor\" data-id=\"1f2b4996\" data-element_type=\"widget\" data-widget_type=\"text-editor.default\">\n\t\t\t\t<div class=\"elementor-widget-container\">\n\t\t\t\t\t\t\t<p><b>Coffee House &amp; Coffee Art konseptimizin hedefi sizlere itibarl\u0131, keyifli, karl\u0131 bir i\u015f ortam\u0131 haz\u0131rlamak. 2007 senesinden itibaren edindi\u011fimiz bilgiler do\u011frultusunda(know-how) bilgi payla\u015f\u0131m\u0131 olarak sizlerle bir birliktelik olu\u015fturmakt\u0131r. Bilindi\u011fi \u00fczere Cafe bayilik franchising olmak \u00fczere Cafe bayilik, Franchising sekt\u00f6r\u00fcnde siz de\u011ferli kafe a\u00e7may\u0131 planlayan yat\u0131r\u0131mc\u0131lar\u0131m\u0131za kafe kurulum ve i\u015fletme aktar\u0131m\u0131n\u0131 sizlere sunmak \u00f6nceli\u011fimizdir.<\/b><\/p><p><b>Takeaway al-g\u00f6t\u00fcr kafe, Coffee House &amp; Coffee Art konseptimizin i\u015flevsel olarak prati\u011fe d\u00f6n\u00fc\u015fmesi olduk\u00e7a kolayd\u0131r.<\/b><\/p><p><b>Kafe bayilik franchising veren firmalar kategorisinde franchisor (Coffee House-Coffee Art) olarak franchiseelerimize anahtar teslim ma\u011faza kurulumunu ger\u00e7ekle\u015ftiriyoruz. Ayr\u0131ca personel e\u011fitimi ve i\u015fletmeci deste\u011fi olarak a\u00e7\u0131lacak olan Coffee House &amp; Coffee Art \u015fubelerimizin i\u015fletmesini olduk\u00e7a kolay bir hale getirmek ilk hedefimizdir. Bu paralelde a\u00e7\u0131lacak \u015fubemizde \u00e7ift y\u00f6nl\u00fc kar ama\u00e7l\u0131 franchising sistemi ile sizlerin karl\u0131 bir yat\u0131r\u0131ma ortak olaca\u011f\u0131n\u0131z\u0131n inanc\u0131nday\u0131z.<\/b><\/p><p><b>Cafe Bayilikleri ;<br \/>Coffee House Bayilik(Franchising)-<br \/>Coffee Art Bayilik (Franchising)<br \/>Cafe bayilikleri \u00f6ncesinde t\u00fcm Cafe altyap\u0131s\u0131n\u0131 haz\u0131rlam\u0131\u015f ,sistemi olu\u015fturmu\u015f bir markan\u0131n isim hakk\u0131n\u0131 Franchising alarak ,i\u015fletmenizi olabilecek t\u00fcm problemlerden koruman\u0131z\u0131 sa\u011flar. Franchising ald\u0131\u011f\u0131n\u0131z markan\u0131n <br \/>Deneyim ve Know-how aktar\u0131m\u0131 ile sekt\u00f6rdeki deneyim ve uzmanl\u0131klar\u0131n\u0131 bayilik alanlarla payla\u015f\u0131lmas\u0131n\u0131 sa\u011flar.Cafe bayilik franchising alanlar\u0131n olabilecek hatalardan ka\u00e7\u0131nmalar\u0131na ve daha h\u0131zl\u0131 bir \u015fekilde ba\u015far\u0131ya ula\u015fmalar\u0131na yard\u0131mc\u0131 olur. Cafe bayilikleri, i\u015fletmeyi h\u0131zl\u0131 bir \u015fekilde do\u011fru ve orant\u0131l\u0131 olarak b\u00fcy\u00fcterek Yurti\u00e7i ve Yurtd\u0131\u015f\u0131 (Master Franchising-Distrib\u00fct\u00f6rl\u00fck)olarak farkl\u0131 \u00fclke b\u00f6lge ve \u015fehirlere yay\u0131lma imkan\u0131ndan Franchising sistemimize dahil olan di\u011fer i\u015fletmelerde faydalan\u0131r.Cafe bayilik veren firmalar, i\u015f modelini ve i\u015fletme s\u00fcre\u00e7lerini standartla\u015ft\u0131rarak i\u015fletmeyi kolay ve deneyimli bir \u015fekilde ve bayilik (Franchising)alanlara bu konuda e\u011fitim ve destek sa\u011flar.Cafe bayilikleri, malzeme tedari\u011fi konusunda avantajl\u0131 anla\u015fmalar yapabilir ve bayilik alanlara uygun fiyatlarla kaliteli malzemeler temin etme\u00a0imkan\u0131\u00a0sunar.<\/b><\/p>\t\t\t\t\t\t<\/div>\n\t\t\t\t<\/div>\n\t\t\t\t\t<\/div>\n\t\t<\/div>\n\t\t\t\t\t<\/div>\n\t\t<\/section>\n\t\t\t\t<\/div>","protected":false},"excerpt":{"rendered":"<p>Coffee House &amp; Coffee Art konseptimizin hedefi sizlere itibarl\u0131, keyifli, karl\u0131 bir i\u015f ortam\u0131 haz\u0131rlamak. 2007 senesinden itibaren edindi\u011fimiz bilgiler do\u011frultusunda(know-how) bilgi payla\u015f\u0131m\u0131 olarak sizlerle bir birliktelik olu\u015fturmakt\u0131r. Bilindi\u011fi \u00fczere Cafe bayilik franchising olmak \u00fczere Cafe bayilik, Franchising sekt\u00f6r\u00fcnde siz de\u011ferli kafe a\u00e7may\u0131 planlayan yat\u0131r\u0131mc\u0131lar\u0131m\u0131za kafe kurulum ve i\u015fletme aktar\u0131m\u0131n\u0131 sizlere sunmak \u00f6nceli\u011fimizdir. Takeaway al-g\u00f6t\u00fcr&hellip;&nbsp;<a href=\"https:\/\/www.coffeehousetr.com\/en\/hakkimizda\/\" class=\"\" rel=\"bookmark\">Read More &raquo;<span class=\"screen-reader-text\">Hakk\u0131m\u0131zda<\/span><\/a><\/p>","protected":false},"author":1,"featured_media":0,"parent":0,"menu_order":0,"comment_status":"closed","ping_status":"closed","template":"","meta":{"neve_meta_sidebar":"","neve_meta_container":"","neve_meta_enable_content_width":"","neve_meta_content_width":0,"neve_meta_title_alignment":"","neve_meta_author_avatar":"","neve_post_elements_order":"","neve_meta_disable_header":"","neve_meta_disable_footer":"","neve_meta_disable_title":"","_ti_tpc_template_sync":false,"_ti_tpc_template_id":"","footnotes":""},"class_list":["post-3621","page","type-page","status-publish","hentry"],"_links":{"self":[{"href":"https:\/\/www.coffeehousetr.com\/en\/wp-json\/wp\/v2\/pages\/3621","targetHints":{"allow":["GET"]}}],"collection":[{"href":"https:\/\/www.coffeehousetr.com\/en\/wp-json\/wp\/v2\/pages"}],"about":[{"href":"https:\/\/www.coffeehousetr.com\/en\/wp-json\/wp\/v2\/types\/page"}],"author":[{"embeddable":true,"href":"https:\/\/www.coffeehousetr.com\/en\/wp-json\/wp\/v2\/users\/1"}],"replies":[{"embeddable":true,"href":"https:\/\/www.coffeehousetr.com\/en\/wp-json\/wp\/v2\/comments?post=3621"}],"version-history":[{"count":174,"href":"https:\/\/www.coffeehousetr.com\/en\/wp-json\/wp\/v2\/pages\/3621\/revisions"}],"predecessor-version":[{"id":5059,"href":"https:\/\/www.coffeehousetr.com\/en\/wp-json\/wp\/v2\/pages\/3621\/revisions\/5059"}],"wp:attachment":[{"href":"https:\/\/www.coffeehousetr.com\/en\/wp-json\/wp\/v2\/media?parent=3621"}],"curies":[{"name":"wp","href":"https:\/\/api.w.org\/{rel}","templated":true}]}}