{"id":3627,"date":"2023-06-10T14:22:38","date_gmt":"2023-06-10T14:22:38","guid":{"rendered":"http:\/\/www.coffeehousetr.com\/?page_id=3627"},"modified":"2026-01-31T15:58:42","modified_gmt":"2026-01-31T15:58:42","slug":"franchising","status":"publish","type":"page","link":"https:\/\/www.coffeehousetr.com\/en\/franchising\/","title":{"rendered":"Franchising"},"content":{"rendered":"<div data-elementor-type=\"wp-page\" data-elementor-id=\"3627\" class=\"elementor elementor-3627\">\n\t\t\t\t\t\t<section class=\"elementor-section elementor-top-section elementor-element elementor-element-260a7d33 elementor-section-boxed elementor-section-height-default elementor-section-height-default\" data-id=\"260a7d33\" data-element_type=\"section\">\n\t\t\t\t\t\t<div class=\"elementor-container elementor-column-gap-default\">\n\t\t\t\t\t<div class=\"elementor-column elementor-col-100 elementor-top-column elementor-element elementor-element-16770cb8\" data-id=\"16770cb8\" data-element_type=\"column\">\n\t\t\t<div class=\"elementor-widget-wrap elementor-element-populated\">\n\t\t\t\t\t\t<div class=\"elementor-element elementor-element-3e0deae7 elementor-widget__width-initial elementor-widget elementor-widget-text-editor\" data-id=\"3e0deae7\" data-element_type=\"widget\" data-widget_type=\"text-editor.default\">\n\t\t\t\t<div class=\"elementor-widget-container\">\n\t\t\t\t\t\t\t<h4>APPLICATION<\/h4><p>Coffee House\u2019l\u0131 olman\u0131n ilk ad\u0131m\u0131 olan ileti\u015fim kanallar\u0131(whatsapp\/telefon aramas\u0131) \u00fczerinden bayi adaylar\u0131m\u0131z\u0131n ba\u015fvurular\u0131 al\u0131n\u0131r.<\/p><p>PRELIMINARY INTERVIEW<\/p><p>Franchising ekibimiz, bayi adaylar\u0131m\u0131zla ileti\u015fime ge\u00e7erek \u00f6n g\u00f6r\u00fc\u015fmeyi ger\u00e7ekle\u015ftirirler ve franchising sistemiz konusunda \u00f6n bilgilendirmede bulunurlar. Olumlu de\u011ferlendirilen adaylar merkezimize veya en yak\u0131n \u015fubemize davet edilir ve y\u00fcz y\u00fcze g\u00f6r\u00fc\u015fme sa\u011flan\u0131r.S\u00f6zle\u015fme giri\u015f bedeli olarak 350.000 TL + KDV tahsil edilir.<br \/>S\u00f6zle\u015fme imzalan\u0131r.Ard\u0131ndan lokasyon kriterlerimize dair bilgiler verilerek bayi aday\u0131m\u0131z i\u00e7in en uygun yer ara\u015ft\u0131r\u0131l\u0131r ve mekana birlikte karar verilir.Min 40 m2 ve \u00fczeri lokasyonlara bak\u0131l\u0131r. Yakla\u015f\u0131k m2 ba\u015f\u0131na maliyet 600 $\/700 $ band\u0131ndad\u0131r. Ayl\u0131k ciro bedelimiz %2&#8217;dir.<\/p><p>ARCHITECTURAL PROJECT AND APPLICATION<\/p><p>Konsepte uygun olarak mimari ekibimiz ma\u011fazan\u0131n projelendirilmesini, 3 boyutlu halini haz\u0131rlar, sunar ve bu projeye g\u00f6re b\u00fct\u00e7elendirme yap\u0131l\u0131r, \u00f6deme bayii taraf\u0131ndan yap\u0131l\u0131r.\u0130n\u015faat ta\u015fere edilir, gerekli t\u00fcm malzemelerin sipari\u015fleri verilir,\u00a0<\/p><p>TRAININGS<\/p><p>Near the completion of construction, our operations team recruits all personnel. He\/she first completes the theoretical training and then the practical training and prepares the branch for opening. Travel and accommodation expenses are covered by the dealer.<\/p><p>OPENING<\/p><p>Operasyon ekibimiz, \u015fubeyi a\u00e7\u0131l\u0131\u015fa uygun hale getirecek t\u00fcm i\u015flemleri tamamland\u0131ktan sonra ma\u011faza a\u00e7\u0131l\u0131\u015f\u0131 yap\u0131l\u0131r.\u00a0<\/p>\t\t\t\t\t\t<\/div>\n\t\t\t\t<\/div>\n\t\t\t\t\t<\/div>\n\t\t<\/div>\n\t\t\t\t\t<\/div>\n\t\t<\/section>\n\t\t\t\t<\/div>","protected":false},"excerpt":{"rendered":"<p>BA\u015eVURU Coffee House\u2019l\u0131 olman\u0131n ilk ad\u0131m\u0131 olan ileti\u015fim kanallar\u0131(whatsapp\/telefon aramas\u0131) \u00fczerinden bayi adaylar\u0131m\u0131z\u0131n ba\u015fvurular\u0131 al\u0131n\u0131r. \u00d6N G\u00d6R\u00dc\u015eME Franchising ekibimiz, bayi adaylar\u0131m\u0131zla ileti\u015fime ge\u00e7erek \u00f6n g\u00f6r\u00fc\u015fmeyi ger\u00e7ekle\u015ftirirler ve franchising sistemiz konusunda \u00f6n bilgilendirmede bulunurlar. Olumlu de\u011ferlendirilen adaylar merkezimize veya en yak\u0131n \u015fubemize davet edilir ve y\u00fcz y\u00fcze g\u00f6r\u00fc\u015fme sa\u011flan\u0131r.S\u00f6zle\u015fme giri\u015f bedeli olarak 350.000 TL + KDV&hellip;&nbsp;<a href=\"https:\/\/www.coffeehousetr.com\/en\/franchising\/\" class=\"\" rel=\"bookmark\">Read More &raquo;<span class=\"screen-reader-text\">Franchising<\/span><\/a><\/p>","protected":false},"author":1,"featured_media":0,"parent":0,"menu_order":0,"comment_status":"closed","ping_status":"closed","template":"","meta":{"neve_meta_sidebar":"","neve_meta_container":"","neve_meta_enable_content_width":"","neve_meta_content_width":0,"neve_meta_title_alignment":"","neve_meta_author_avatar":"","neve_post_elements_order":"","neve_meta_disable_header":"","neve_meta_disable_footer":"","neve_meta_disable_title":"","_ti_tpc_template_sync":false,"_ti_tpc_template_id":"","footnotes":""},"class_list":["post-3627","page","type-page","status-publish","hentry"],"_links":{"self":[{"href":"https:\/\/www.coffeehousetr.com\/en\/wp-json\/wp\/v2\/pages\/3627","targetHints":{"allow":["GET"]}}],"collection":[{"href":"https:\/\/www.coffeehousetr.com\/en\/wp-json\/wp\/v2\/pages"}],"about":[{"href":"https:\/\/www.coffeehousetr.com\/en\/wp-json\/wp\/v2\/types\/page"}],"author":[{"embeddable":true,"href":"https:\/\/www.coffeehousetr.com\/en\/wp-json\/wp\/v2\/users\/1"}],"replies":[{"embeddable":true,"href":"https:\/\/www.coffeehousetr.com\/en\/wp-json\/wp\/v2\/comments?post=3627"}],"version-history":[{"count":137,"href":"https:\/\/www.coffeehousetr.com\/en\/wp-json\/wp\/v2\/pages\/3627\/revisions"}],"predecessor-version":[{"id":5382,"href":"https:\/\/www.coffeehousetr.com\/en\/wp-json\/wp\/v2\/pages\/3627\/revisions\/5382"}],"wp:attachment":[{"href":"https:\/\/www.coffeehousetr.com\/en\/wp-json\/wp\/v2\/media?parent=3627"}],"curies":[{"name":"wp","href":"https:\/\/api.w.org\/{rel}","templated":true}]}}